{"id":366,"date":"2025-02-04T18:11:00","date_gmt":"2025-02-04T18:11:00","guid":{"rendered":"https:\/\/milesport.es\/home\/"},"modified":"2025-04-29T09:45:06","modified_gmt":"2025-04-29T09:45:06","slug":"home","status":"publish","type":"page","link":"https:\/\/milesport.es\/en\/","title":{"rendered":"Home"},"content":{"rendered":"\t\t<div data-elementor-type=\"wp-page\" data-elementor-id=\"366\" class=\"elementor elementor-366 elementor-12\" data-elementor-post-type=\"page\">\n\t\t\t\t<div class=\"elementor-element elementor-element-1594849 e-flex e-con-boxed e-con e-parent\" data-id=\"1594849\" data-element_type=\"container\" data-settings=\"{&quot;background_background&quot;:&quot;video&quot;,&quot;background_video_link&quot;:&quot;https:\\\/\\\/milesport.es\\\/wp-content\\\/uploads\\\/2025\\\/04\\\/6256580-uhd_4096_2160_25fps-1.mp4&quot;,&quot;background_play_on_mobile&quot;:&quot;yes&quot;}\">\n\t\t\t\t\t<div class=\"e-con-inner\">\n\t\t<div class=\"elementor-background-video-container\">\n\t\t\t\t\t\t\t<video class=\"elementor-background-video-hosted\" autoplay muted playsinline loop><\/video>\n\t\t\t\t\t<\/div>\t\t<div class=\"elementor-element elementor-element-288e17c elementor-widget__width-inherit elementor-widget elementor-widget-heading\" data-id=\"288e17c\" data-element_type=\"widget\" data-settings=\"{&quot;motion_fx_motion_fx_scrolling&quot;:&quot;yes&quot;,&quot;motion_fx_scale_effect&quot;:&quot;yes&quot;,&quot;motion_fx_scale_direction&quot;:&quot;in-out&quot;,&quot;motion_fx_scale_speed&quot;:{&quot;unit&quot;:&quot;px&quot;,&quot;size&quot;:10,&quot;sizes&quot;:[]},&quot;motion_fx_scale_range&quot;:{&quot;unit&quot;:&quot;%&quot;,&quot;size&quot;:&quot;&quot;,&quot;sizes&quot;:{&quot;start&quot;:20,&quot;end&quot;:100}},&quot;motion_fx_devices&quot;:[&quot;desktop&quot;,&quot;tablet&quot;]}\" data-widget_type=\"heading.default\">\n\t\t\t\t<div class=\"elementor-widget-container\">\n\t\t\t\t\t<h1 class=\"elementor-heading-title elementor-size-default\">ECOLOGICAL MAINTENANCE <br><b>OF SPORTS TURF<\/b><\/h1>\t\t\t\t<\/div>\n\t\t\t\t<\/div>\n\t\t\t\t<div class=\"elementor-element elementor-element-9d941fd invert elementor-widget elementor-widget-image\" data-id=\"9d941fd\" data-element_type=\"widget\" data-widget_type=\"image.default\">\n\t\t\t\t<div class=\"elementor-widget-container\">\n\t\t\t\t\t\t\t\t\t\t\t\t\t\t\t<img decoding=\"async\" width=\"214\" height=\"214\" src=\"https:\/\/milesport.es\/wp-content\/uploads\/2025\/02\/image-removebg-preview-1.png\" class=\"attachment-large size-large wp-image-361\" alt=\"\" srcset=\"https:\/\/milesport.es\/wp-content\/uploads\/2025\/02\/image-removebg-preview-1.png 214w, https:\/\/milesport.es\/wp-content\/uploads\/2025\/02\/image-removebg-preview-1-150x150.png 150w\" sizes=\"(max-width: 214px) 100vw, 214px\" \/>\t\t\t\t\t\t\t\t\t\t\t\t\t\t\t<\/div>\n\t\t\t\t<\/div>\n\t\t\t\t\t<\/div>\n\t\t\t\t<\/div>\n\t\t<div class=\"elementor-element elementor-element-07b1327 e-flex e-con-boxed e-con e-parent\" data-id=\"07b1327\" data-element_type=\"container\" data-settings=\"{&quot;background_background&quot;:&quot;classic&quot;}\">\n\t\t\t\t\t<div class=\"e-con-inner\">\n\t\t<div class=\"elementor-element elementor-element-01c4db3 e-con-full e-flex e-con e-child\" data-id=\"01c4db3\" data-element_type=\"container\" data-settings=\"{&quot;background_background&quot;:&quot;classic&quot;}\">\n\t\t\t\t<\/div>\n\t\t<div class=\"elementor-element elementor-element-be7c3e5 e-con-full e-flex e-con e-child\" data-id=\"be7c3e5\" data-element_type=\"container\">\n\t\t\t\t<div class=\"elementor-element elementor-element-b98ffb7 elementor-widget__width-inherit elementor-widget elementor-widget-heading\" data-id=\"b98ffb7\" data-element_type=\"widget\" data-widget_type=\"heading.default\">\n\t\t\t\t<div class=\"elementor-widget-container\">\n\t\t\t\t\t<h2 class=\"elementor-heading-title elementor-size-default\">DISCOVER <br><b>OUR PHILOSOPHY<\/b><\/h2>\t\t\t\t<\/div>\n\t\t\t\t<\/div>\n\t\t\t\t<div class=\"elementor-element elementor-element-f40acfe elementor-widget elementor-widget-text-editor\" data-id=\"f40acfe\" data-element_type=\"widget\" data-widget_type=\"text-editor.default\">\n\t\t\t\t<div class=\"elementor-widget-container\">\n\t\t\t\t\t\t\t\t\t<p>Green Sport Garden is a family-owned company with over 25 years of experience in the sports turf maintenance sector.<\/p><p>We are committed to sustainability and innovation, which is why we focus on ecological methods for turf care.<\/p>\t\t\t\t\t\t\t\t<\/div>\n\t\t\t\t<\/div>\n\t\t\t\t<div class=\"elementor-element elementor-element-fa1c6a3 elementor-widget elementor-widget-button\" data-id=\"fa1c6a3\" data-element_type=\"widget\" data-widget_type=\"button.default\">\n\t\t\t\t<div class=\"elementor-widget-container\">\n\t\t\t\t\t\t\t\t\t<div class=\"elementor-button-wrapper\">\n\t\t\t\t\t<a class=\"elementor-button elementor-button-link elementor-size-sm\" href=\"https:\/\/milesport.es\/proyectos\/\">\n\t\t\t\t\t\t<span class=\"elementor-button-content-wrapper\">\n\t\t\t\t\t\t\t\t\t<span class=\"elementor-button-text\">ABOUT US<\/span>\n\t\t\t\t\t<\/span>\n\t\t\t\t\t<\/a>\n\t\t\t\t<\/div>\n\t\t\t\t\t\t\t\t<\/div>\n\t\t\t\t<\/div>\n\t\t\t\t<\/div>\n\t\t\t\t\t<\/div>\n\t\t\t\t<\/div>\n\t\t<div class=\"elementor-element elementor-element-7594ac7 e-flex e-con-boxed e-con e-parent\" data-id=\"7594ac7\" data-element_type=\"container\" data-settings=\"{&quot;motion_fx_motion_fx_scrolling&quot;:&quot;yes&quot;,&quot;motion_fx_translateY_effect&quot;:&quot;yes&quot;,&quot;motion_fx_translateY_speed&quot;:{&quot;unit&quot;:&quot;px&quot;,&quot;size&quot;:8.2,&quot;sizes&quot;:[]},&quot;motion_fx_translateY_affectedRange&quot;:{&quot;unit&quot;:&quot;%&quot;,&quot;size&quot;:&quot;&quot;,&quot;sizes&quot;:{&quot;start&quot;:0,&quot;end&quot;:52}},&quot;motion_fx_opacity_effect&quot;:&quot;yes&quot;,&quot;motion_fx_opacity_range&quot;:{&quot;unit&quot;:&quot;%&quot;,&quot;size&quot;:&quot;&quot;,&quot;sizes&quot;:{&quot;start&quot;:20,&quot;end&quot;:52}},&quot;motion_fx_devices&quot;:[&quot;desktop&quot;],&quot;motion_fx_opacity_direction&quot;:&quot;out-in&quot;,&quot;motion_fx_opacity_level&quot;:{&quot;unit&quot;:&quot;px&quot;,&quot;size&quot;:10,&quot;sizes&quot;:[]}}\">\n\t\t\t\t\t<div class=\"e-con-inner\">\n\t\t<div class=\"elementor-element elementor-element-d301390 e-con-full e-flex e-con e-child\" data-id=\"d301390\" data-element_type=\"container\">\n\t\t\t\t<div class=\"elementor-element elementor-element-9b32807 elementor-widget elementor-widget-heading\" data-id=\"9b32807\" data-element_type=\"widget\" data-widget_type=\"heading.default\">\n\t\t\t\t<div class=\"elementor-widget-container\">\n\t\t\t\t\t<span class=\"elementor-heading-title elementor-size-default\">01<\/span>\t\t\t\t<\/div>\n\t\t\t\t<\/div>\n\t\t\t\t<div class=\"elementor-element elementor-element-b90a83e elementor-widget elementor-widget-heading\" data-id=\"b90a83e\" data-element_type=\"widget\" data-widget_type=\"heading.default\">\n\t\t\t\t<div class=\"elementor-widget-container\">\n\t\t\t\t\t<h3 class=\"elementor-heading-title elementor-size-default\">RESPECT<\/h3>\t\t\t\t<\/div>\n\t\t\t\t<\/div>\n\t\t\t\t<div class=\"elementor-element elementor-element-4ab7f0d elementor-widget__width-initial elementor-widget elementor-widget-text-editor\" data-id=\"4ab7f0d\" data-element_type=\"widget\" data-widget_type=\"text-editor.default\">\n\t\t\t\t<div class=\"elementor-widget-container\">\n\t\t\t\t\t\t\t\t\t<p>for the environment: we use ecological and biodegradable products to minimize the environmental impact of our activity.<\/p>\t\t\t\t\t\t\t\t<\/div>\n\t\t\t\t<\/div>\n\t\t\t\t<\/div>\n\t\t<div class=\"elementor-element elementor-element-02bfb7e e-con-full e-flex e-con e-child\" data-id=\"02bfb7e\" data-element_type=\"container\">\n\t\t\t\t<div class=\"elementor-element elementor-element-eee7074 elementor-widget elementor-widget-heading\" data-id=\"eee7074\" data-element_type=\"widget\" data-widget_type=\"heading.default\">\n\t\t\t\t<div class=\"elementor-widget-container\">\n\t\t\t\t\t<span class=\"elementor-heading-title elementor-size-default\">02<\/span>\t\t\t\t<\/div>\n\t\t\t\t<\/div>\n\t\t\t\t<div class=\"elementor-element elementor-element-772d513 elementor-widget elementor-widget-heading\" data-id=\"772d513\" data-element_type=\"widget\" data-widget_type=\"heading.default\">\n\t\t\t\t<div class=\"elementor-widget-container\">\n\t\t\t\t\t<h3 class=\"elementor-heading-title elementor-size-default\">EFFICIENCY<\/h3>\t\t\t\t<\/div>\n\t\t\t\t<\/div>\n\t\t\t\t<div class=\"elementor-element elementor-element-4f7b23a elementor-widget__width-initial elementor-widget elementor-widget-text-editor\" data-id=\"4f7b23a\" data-element_type=\"widget\" data-widget_type=\"text-editor.default\">\n\t\t\t\t<div class=\"elementor-widget-container\">\n\t\t\t\t\t\t\t\t\t<p>we optimize water and energy resources to reduce costs and improve sustainability.<\/p>\t\t\t\t\t\t\t\t<\/div>\n\t\t\t\t<\/div>\n\t\t\t\t<\/div>\n\t\t<div class=\"elementor-element elementor-element-6f154ca e-con-full e-flex e-con e-child\" data-id=\"6f154ca\" data-element_type=\"container\">\n\t\t\t\t<div class=\"elementor-element elementor-element-0f6c865 elementor-widget elementor-widget-heading\" data-id=\"0f6c865\" data-element_type=\"widget\" data-widget_type=\"heading.default\">\n\t\t\t\t<div class=\"elementor-widget-container\">\n\t\t\t\t\t<span class=\"elementor-heading-title elementor-size-default\">03<\/span>\t\t\t\t<\/div>\n\t\t\t\t<\/div>\n\t\t\t\t<div class=\"elementor-element elementor-element-288b829 elementor-widget elementor-widget-heading\" data-id=\"288b829\" data-element_type=\"widget\" data-widget_type=\"heading.default\">\n\t\t\t\t<div class=\"elementor-widget-container\">\n\t\t\t\t\t<h3 class=\"elementor-heading-title elementor-size-default\">QUALITY<\/h3>\t\t\t\t<\/div>\n\t\t\t\t<\/div>\n\t\t\t\t<div class=\"elementor-element elementor-element-cb7f6bd elementor-widget__width-initial elementor-widget elementor-widget-text-editor\" data-id=\"cb7f6bd\" data-element_type=\"widget\" data-widget_type=\"text-editor.default\">\n\t\t\t\t<div class=\"elementor-widget-container\">\n\t\t\t\t\t\t\t\t\t<p>we offer a high-quality service that guarantees the health and good condition of the turf.<\/p>\t\t\t\t\t\t\t\t<\/div>\n\t\t\t\t<\/div>\n\t\t\t\t<\/div>\n\t\t\t\t\t<\/div>\n\t\t\t\t<\/div>\n\t\t<div class=\"elementor-element elementor-element-10b832c e-flex e-con-boxed e-con e-parent\" data-id=\"10b832c\" data-element_type=\"container\" data-settings=\"{&quot;background_background&quot;:&quot;classic&quot;}\">\n\t\t\t\t\t<div class=\"e-con-inner\">\n\t\t<div class=\"elementor-element elementor-element-f2d7995 e-con-full e-flex e-con e-child\" data-id=\"f2d7995\" data-element_type=\"container\">\n\t\t\t\t<div class=\"elementor-element elementor-element-84d908c elementor-widget__width-inherit elementor-widget elementor-widget-heading\" data-id=\"84d908c\" data-element_type=\"widget\" data-widget_type=\"heading.default\">\n\t\t\t\t<div class=\"elementor-widget-container\">\n\t\t\t\t\t<h2 class=\"elementor-heading-title elementor-size-default\">CONTACT <b>THE TEAM<\/b><\/h2>\t\t\t\t<\/div>\n\t\t\t\t<\/div>\n\t\t\t\t<div class=\"elementor-element elementor-element-18e5ae4 elementor-widget elementor-widget-formidable\" data-id=\"18e5ae4\" data-element_type=\"widget\" data-widget_type=\"formidable.default\">\n\t\t\t\t<div class=\"elementor-widget-container\">\n\t\t\t\t\t<div class=\"frm_forms  with_frm_style frm_style_estilo-de-formidable\" id=\"frm_form_1_container\" >\n<form enctype=\"multipart\/form-data\" method=\"post\" class=\"frm-show-form \" id=\"form_contact-form\" >\n<div class=\"frm_form_fields \">\n<fieldset>\n<legend class=\"frm_screen_reader\">Contact Us<\/legend>\n\n<div class=\"frm_fields_container\">\n<input type=\"hidden\" name=\"frm_action\" value=\"create\" \/>\n<input type=\"hidden\" name=\"form_id\" value=\"1\" \/>\n<input type=\"hidden\" name=\"frm_hide_fields_1\" id=\"frm_hide_fields_1\" value=\"\" \/>\n<input type=\"hidden\" name=\"form_key\" value=\"contact-form\" \/>\n<input type=\"hidden\" name=\"item_meta[0]\" value=\"\" \/>\n<input type=\"hidden\" id=\"frm_submit_entry_1\" name=\"frm_submit_entry_1\" value=\"3d8c128ce4\" \/><input type=\"hidden\" name=\"_wp_http_referer\" value=\"\/en\/wp-json\/wp\/v2\/pages\/366\" \/><div id=\"frm_field_1_container\" class=\"frm_form_field form-field  frm_required_field frm_top_container frm_first frm_half\">\n\t<label for=\"field_qh4icy\" id=\"field_qh4icy_label\" class=\"frm_primary_label\">Nombre\n\t\t<span class=\"frm_required\" aria-hidden=\"true\">*<\/span>\n\t<\/label>\n\t<input type=\"text\" id=\"field_qh4icy\" name=\"item_meta[1]\" value=\"\"  data-reqmsg=\"Nombre no puede estar en blanco.\" aria-required=\"true\" data-invmsg=\"Nombre no es v\u00e1lido\" aria-invalid=\"false\"  \/>\n\t\n\t\n<\/div>\n<div id=\"frm_field_2_container\" class=\"frm_form_field form-field  frm_required_field frm_hidden_container frm_half\">\n\t<label for=\"field_ocfup1\" id=\"field_ocfup1_label\" class=\"frm_primary_label\">Apellidos\n\t\t<span class=\"frm_required\" aria-hidden=\"true\">*<\/span>\n\t<\/label>\n\t<input type=\"text\" id=\"field_ocfup1\" name=\"item_meta[2]\" value=\"\"  data-reqmsg=\"Apellidos no puede estar en blanco.\" aria-required=\"true\" data-invmsg=\"Apellidos no es v\u00e1lido\" aria-invalid=\"false\"  \/>\n\t\n\t\n<\/div>\n<div id=\"frm_field_4_container\" class=\"frm_form_field form-field  frm_required_field frm_top_container frm_full\">\n\t<label for=\"field_e6lis6\" id=\"field_e6lis6_label\" class=\"frm_primary_label\">Asunto\n\t\t<span class=\"frm_required\" aria-hidden=\"true\">*<\/span>\n\t<\/label>\n\t<input type=\"text\" id=\"field_e6lis6\" name=\"item_meta[4]\" value=\"\"  data-reqmsg=\"Asunto no puede estar en blanco.\" aria-required=\"true\" data-invmsg=\"Asunto no es v\u00e1lido\" aria-invalid=\"false\"  \/>\n\t\n\t\n<\/div>\n<div id=\"frm_field_5_container\" class=\"frm_form_field form-field  frm_required_field frm_top_container frm_full\">\n\t<label for=\"field_9jv0r1\" id=\"field_9jv0r1_label\" class=\"frm_primary_label\">Mensaje\n\t\t<span class=\"frm_required\" aria-hidden=\"true\">*<\/span>\n\t<\/label>\n\t<textarea name=\"item_meta[5]\" id=\"field_9jv0r1\" rows=\"5\"  data-reqmsg=\"Mensaje no puede estar en blanco.\" aria-required=\"true\" data-invmsg=\"Mensaje is invalid\" aria-invalid=\"false\"  ><\/textarea>\n\t\n\t\n<\/div>\n<div id=\"frm_field_13_container\" class=\"frm_form_field form-field  frm_top_container vertical_radio\">\n\t<div  id=\"field_3wob8_label\" class=\"frm_primary_label\">\n\t\t<span class=\"frm_required\" aria-hidden=\"true\"><\/span>\n\t<\/div>\n\t<div class=\"frm_opt_container\" aria-labelledby=\"field_3wob8_label\" role=\"group\">\t\t<div class=\"frm_checkbox\" id=\"frm_checkbox_13-0\">\t\t\t<label  for=\"field_3wob8-0\">\n\t\t\t<input type=\"checkbox\" name=\"item_meta[13][]\" id=\"field_3wob8-0\" value=\"He le\u00eddo y acepto los t\u00e9rminos y condiciones\"  data-invmsg=\"This field is invalid\" aria-invalid=\"false\"   \/> He le\u00eddo y acepto los t\u00e9rminos y condiciones<\/label><\/div>\n<\/div>\n\t\n\t\n<\/div>\n<div id=\"frm_field_12_container\" class=\"frm_form_field form-field \">\n\t<div class=\"frm_submit frm_flex\">\n<button class=\"frm_button_submit\" type=\"submit\"  >Enviar<\/button>\n\n\n\n<\/div>\n<\/div>\n\t<input type=\"hidden\" name=\"item_key\" value=\"\" \/>\n\t\t\t\t<div class=\"frm__67a2959ca921d\">\n\t\t\t\t<label for=\"frm_email_1\"  style=\"display:none;\">\n\t\t\t\t\tIf you are human, leave this field blank.\t\t\t\t<\/label>\n\t\t\t\t<input  id=\"frm_email_1\" type=\"text\" class=\"frm_verify\" name=\"frm__67a2959ca921d\" value=\"\" autocomplete=\"off\"  style=\"display:none;\" \/>\n\t\t\t<\/div>\n\t\t<\/div>\n<\/fieldset>\n<\/div>\n\n<\/form>\n<\/div>\n\t\t\t\t<\/div>\n\t\t\t\t<\/div>\n\t\t\t\t<\/div>\n\t\t<div class=\"elementor-element elementor-element-c031304 e-con-full e-flex e-con e-child\" data-id=\"c031304\" data-element_type=\"container\" data-settings=\"{&quot;background_background&quot;:&quot;video&quot;,&quot;background_video_link&quot;:&quot;https:\\\/\\\/milesport.es\\\/wp-content\\\/uploads\\\/2025\\\/04\\\/855857-hd_1920_1080_25fps-1.mp4&quot;,&quot;background_play_on_mobile&quot;:&quot;yes&quot;}\">\n\t\t<div class=\"elementor-background-video-container\">\n\t\t\t\t\t\t\t<video class=\"elementor-background-video-hosted\" autoplay muted playsinline loop><\/video>\n\t\t\t\t\t<\/div>\t\t<\/div>\n\t\t\t\t\t<\/div>\n\t\t\t\t<\/div>\n\t\t\t\t<\/div>\n\t\t","protected":false},"excerpt":{"rendered":"<p>ECOLOGICAL MAINTENANCE OF SPORTS TURF DISCOVER OUR PHILOSOPHY Green Sport Garden is a family-owned company with over 25 years of experience in the sports turf maintenance sector. We are committed to sustainability and innovation, which is why we focus on ecological methods for turf care. ABOUT US 01 RESPECT for the environment: we use ecological [&hellip;]<\/p>\n","protected":false},"author":0,"featured_media":0,"parent":0,"menu_order":0,"comment_status":"closed","ping_status":"closed","template":"","meta":{"footnotes":""},"class_list":["post-366","page","type-page","status-publish","hentry"],"yoast_head":"<!-- This site is optimized with the Yoast SEO plugin v26.9 - https:\/\/yoast.com\/product\/yoast-seo-wordpress\/ -->\n<title>Home - Milesport<\/title>\n<meta name=\"robots\" content=\"index, follow, max-snippet:-1, max-image-preview:large, max-video-preview:-1\" \/>\n<link rel=\"canonical\" href=\"https:\/\/milesport.es\/en\/home\/\" \/>\n<meta property=\"og:locale\" content=\"en_US\" \/>\n<meta property=\"og:type\" content=\"article\" \/>\n<meta property=\"og:title\" content=\"Home - Milesport\" \/>\n<meta property=\"og:description\" content=\"ECOLOGICAL MAINTENANCE OF SPORTS TURF DISCOVER OUR PHILOSOPHY Green Sport Garden is a family-owned company with over 25 years of experience in the sports turf maintenance sector. We are committed to sustainability and innovation, which is why we focus on ecological methods for turf care. ABOUT US 01 RESPECT for the environment: we use ecological [&hellip;]\" \/>\n<meta property=\"og:url\" content=\"https:\/\/milesport.es\/en\/home\/\" \/>\n<meta property=\"og:site_name\" content=\"Milesport\" \/>\n<meta property=\"article:modified_time\" content=\"2025-04-29T09:45:06+00:00\" \/>\n<meta property=\"og:image\" content=\"https:\/\/milesport.es\/wp-content\/uploads\/2025\/02\/image-removebg-preview-1.png\" \/>\n\t<meta property=\"og:image:width\" content=\"214\" \/>\n\t<meta property=\"og:image:height\" content=\"214\" \/>\n\t<meta property=\"og:image:type\" content=\"image\/png\" \/>\n<meta name=\"twitter:card\" content=\"summary_large_image\" \/>\n<meta name=\"twitter:label1\" content=\"Est. reading time\" \/>\n\t<meta name=\"twitter:data1\" content=\"1 minute\" \/>\n<script type=\"application\/ld+json\" class=\"yoast-schema-graph\">{\"@context\":\"https:\/\/schema.org\",\"@graph\":[{\"@type\":\"WebPage\",\"@id\":\"https:\/\/milesport.es\/en\/home\/\",\"url\":\"https:\/\/milesport.es\/en\/home\/\",\"name\":\"Home - Milesport\",\"isPartOf\":{\"@id\":\"https:\/\/milesport.es\/#website\"},\"primaryImageOfPage\":{\"@id\":\"https:\/\/milesport.es\/en\/home\/#primaryimage\"},\"image\":{\"@id\":\"https:\/\/milesport.es\/en\/home\/#primaryimage\"},\"thumbnailUrl\":\"https:\/\/milesport.es\/wp-content\/uploads\/2025\/02\/image-removebg-preview-1.png\",\"datePublished\":\"2025-02-04T18:11:00+00:00\",\"dateModified\":\"2025-04-29T09:45:06+00:00\",\"breadcrumb\":{\"@id\":\"https:\/\/milesport.es\/en\/home\/#breadcrumb\"},\"inLanguage\":\"en-US\",\"potentialAction\":[{\"@type\":\"ReadAction\",\"target\":[\"https:\/\/milesport.es\/en\/home\/\"]}]},{\"@type\":\"ImageObject\",\"inLanguage\":\"en-US\",\"@id\":\"https:\/\/milesport.es\/en\/home\/#primaryimage\",\"url\":\"https:\/\/milesport.es\/wp-content\/uploads\/2025\/02\/image-removebg-preview-1.png\",\"contentUrl\":\"https:\/\/milesport.es\/wp-content\/uploads\/2025\/02\/image-removebg-preview-1.png\"},{\"@type\":\"BreadcrumbList\",\"@id\":\"https:\/\/milesport.es\/en\/home\/#breadcrumb\",\"itemListElement\":[{\"@type\":\"ListItem\",\"position\":1,\"name\":\"Portada\",\"item\":\"https:\/\/milesport.es\/en\/home\/\"},{\"@type\":\"ListItem\",\"position\":2,\"name\":\"Home\"}]},{\"@type\":\"WebSite\",\"@id\":\"https:\/\/milesport.es\/#website\",\"url\":\"https:\/\/milesport.es\/\",\"name\":\"Milesport - Mantenimiento ecol\u00f3gico de c\u00e9sped deportivo\",\"description\":\"Mantenimiento ecol\u00f3gico en c\u00e9sped deportivo\",\"publisher\":{\"@id\":\"https:\/\/milesport.es\/#organization\"},\"potentialAction\":[{\"@type\":\"SearchAction\",\"target\":{\"@type\":\"EntryPoint\",\"urlTemplate\":\"https:\/\/milesport.es\/?s={search_term_string}\"},\"query-input\":{\"@type\":\"PropertyValueSpecification\",\"valueRequired\":true,\"valueName\":\"search_term_string\"}}],\"inLanguage\":\"en-US\"},{\"@type\":\"Organization\",\"@id\":\"https:\/\/milesport.es\/#organization\",\"name\":\"Milesport\",\"url\":\"https:\/\/milesport.es\/\",\"logo\":{\"@type\":\"ImageObject\",\"inLanguage\":\"en-US\",\"@id\":\"https:\/\/milesport.es\/#\/schema\/logo\/image\/\",\"url\":\"https:\/\/milesport.es\/wp-content\/uploads\/2025\/02\/image-removebg-preview-2.png\",\"contentUrl\":\"https:\/\/milesport.es\/wp-content\/uploads\/2025\/02\/image-removebg-preview-2.png\",\"width\":289,\"height\":97,\"caption\":\"Milesport\"},\"image\":{\"@id\":\"https:\/\/milesport.es\/#\/schema\/logo\/image\/\"}}]}<\/script>\n<!-- \/ Yoast SEO plugin. -->","yoast_head_json":{"title":"Home - Milesport","robots":{"index":"index","follow":"follow","max-snippet":"max-snippet:-1","max-image-preview":"max-image-preview:large","max-video-preview":"max-video-preview:-1"},"canonical":"https:\/\/milesport.es\/en\/home\/","og_locale":"en_US","og_type":"article","og_title":"Home - Milesport","og_description":"ECOLOGICAL MAINTENANCE OF SPORTS TURF DISCOVER OUR PHILOSOPHY Green Sport Garden is a family-owned company with over 25 years of experience in the sports turf maintenance sector. We are committed to sustainability and innovation, which is why we focus on ecological methods for turf care. ABOUT US 01 RESPECT for the environment: we use ecological [&hellip;]","og_url":"https:\/\/milesport.es\/en\/home\/","og_site_name":"Milesport","article_modified_time":"2025-04-29T09:45:06+00:00","og_image":[{"width":214,"height":214,"url":"https:\/\/milesport.es\/wp-content\/uploads\/2025\/02\/image-removebg-preview-1.png","type":"image\/png"}],"twitter_card":"summary_large_image","twitter_misc":{"Est. reading time":"1 minute"},"schema":{"@context":"https:\/\/schema.org","@graph":[{"@type":"WebPage","@id":"https:\/\/milesport.es\/en\/home\/","url":"https:\/\/milesport.es\/en\/home\/","name":"Home - Milesport","isPartOf":{"@id":"https:\/\/milesport.es\/#website"},"primaryImageOfPage":{"@id":"https:\/\/milesport.es\/en\/home\/#primaryimage"},"image":{"@id":"https:\/\/milesport.es\/en\/home\/#primaryimage"},"thumbnailUrl":"https:\/\/milesport.es\/wp-content\/uploads\/2025\/02\/image-removebg-preview-1.png","datePublished":"2025-02-04T18:11:00+00:00","dateModified":"2025-04-29T09:45:06+00:00","breadcrumb":{"@id":"https:\/\/milesport.es\/en\/home\/#breadcrumb"},"inLanguage":"en-US","potentialAction":[{"@type":"ReadAction","target":["https:\/\/milesport.es\/en\/home\/"]}]},{"@type":"ImageObject","inLanguage":"en-US","@id":"https:\/\/milesport.es\/en\/home\/#primaryimage","url":"https:\/\/milesport.es\/wp-content\/uploads\/2025\/02\/image-removebg-preview-1.png","contentUrl":"https:\/\/milesport.es\/wp-content\/uploads\/2025\/02\/image-removebg-preview-1.png"},{"@type":"BreadcrumbList","@id":"https:\/\/milesport.es\/en\/home\/#breadcrumb","itemListElement":[{"@type":"ListItem","position":1,"name":"Portada","item":"https:\/\/milesport.es\/en\/home\/"},{"@type":"ListItem","position":2,"name":"Home"}]},{"@type":"WebSite","@id":"https:\/\/milesport.es\/#website","url":"https:\/\/milesport.es\/","name":"Milesport - Mantenimiento ecol\u00f3gico de c\u00e9sped deportivo","description":"Mantenimiento ecol\u00f3gico en c\u00e9sped deportivo","publisher":{"@id":"https:\/\/milesport.es\/#organization"},"potentialAction":[{"@type":"SearchAction","target":{"@type":"EntryPoint","urlTemplate":"https:\/\/milesport.es\/?s={search_term_string}"},"query-input":{"@type":"PropertyValueSpecification","valueRequired":true,"valueName":"search_term_string"}}],"inLanguage":"en-US"},{"@type":"Organization","@id":"https:\/\/milesport.es\/#organization","name":"Milesport","url":"https:\/\/milesport.es\/","logo":{"@type":"ImageObject","inLanguage":"en-US","@id":"https:\/\/milesport.es\/#\/schema\/logo\/image\/","url":"https:\/\/milesport.es\/wp-content\/uploads\/2025\/02\/image-removebg-preview-2.png","contentUrl":"https:\/\/milesport.es\/wp-content\/uploads\/2025\/02\/image-removebg-preview-2.png","width":289,"height":97,"caption":"Milesport"},"image":{"@id":"https:\/\/milesport.es\/#\/schema\/logo\/image\/"}}]}},"_links":{"self":[{"href":"https:\/\/milesport.es\/en\/wp-json\/wp\/v2\/pages\/366","targetHints":{"allow":["GET"]}}],"collection":[{"href":"https:\/\/milesport.es\/en\/wp-json\/wp\/v2\/pages"}],"about":[{"href":"https:\/\/milesport.es\/en\/wp-json\/wp\/v2\/types\/page"}],"replies":[{"embeddable":true,"href":"https:\/\/milesport.es\/en\/wp-json\/wp\/v2\/comments?post=366"}],"version-history":[{"count":1,"href":"https:\/\/milesport.es\/en\/wp-json\/wp\/v2\/pages\/366\/revisions"}],"predecessor-version":[{"id":367,"href":"https:\/\/milesport.es\/en\/wp-json\/wp\/v2\/pages\/366\/revisions\/367"}],"wp:attachment":[{"href":"https:\/\/milesport.es\/en\/wp-json\/wp\/v2\/media?parent=366"}],"curies":[{"name":"wp","href":"https:\/\/api.w.org\/{rel}","templated":true}]}}